{"id":645,"date":"2025-04-20T16:16:18","date_gmt":"2025-04-20T13:16:18","guid":{"rendered":"https:\/\/www.idealdent.net\/bredent-medical\/?page_id=645"},"modified":"2025-04-21T02:05:12","modified_gmt":"2025-04-20T23:05:12","slug":"helbo-antimikrobiyal-fotodinamik-tedavi-apdt","status":"publish","type":"page","link":"https:\/\/www.idealdent.net\/bredent-medical\/helbo-antimikrobiyal-fotodinamik-tedavi-apdt\/","title":{"rendered":"Helbo Antimikrobiyal Fotodinamik Tedavi (aPDT)"},"content":{"rendered":"\t\t<div data-elementor-type=\"wp-page\" data-elementor-id=\"645\" class=\"elementor elementor-645\" data-elementor-post-type=\"page\">\n\t\t\t\t<div class=\"elementor-element elementor-element-7cc6e8e e-con-full e-flex e-con e-parent\" data-id=\"7cc6e8e\" data-element_type=\"container\" data-settings=\"{&quot;background_background&quot;:&quot;classic&quot;}\">\n\t\t<div class=\"elementor-element elementor-element-afa7e76 e-con-full e-flex elementor-invisible e-con e-child\" data-id=\"afa7e76\" data-element_type=\"container\" data-settings=\"{&quot;animation&quot;:&quot;zoomIn&quot;}\">\n\t\t\t\t<div class=\"elementor-element elementor-element-ee793a2 elementor-widget elementor-widget-image\" data-id=\"ee793a2\" data-element_type=\"widget\" data-widget_type=\"image.default\">\n\t\t\t\t<div class=\"elementor-widget-container\">\n\t\t\t\t\t\t\t\t\t\t\t\t\t\t\t<img decoding=\"async\" width=\"326\" height=\"128\" src=\"https:\/\/www.idealdent.net\/bredent-medical\/wp-content\/uploads\/2025\/04\/Helbo-Blue-Logo-English-PNG-file.png\" class=\"attachment-large size-large wp-image-647\" alt=\"\" srcset=\"https:\/\/www.idealdent.net\/bredent-medical\/wp-content\/uploads\/2025\/04\/Helbo-Blue-Logo-English-PNG-file.png 326w, https:\/\/www.idealdent.net\/bredent-medical\/wp-content\/uploads\/2025\/04\/Helbo-Blue-Logo-English-PNG-file-300x118.png 300w, https:\/\/www.idealdent.net\/bredent-medical\/wp-content\/uploads\/2025\/04\/Helbo-Blue-Logo-English-PNG-file-150x59.png 150w\" sizes=\"(max-width:767px) 326px, 326px\" \/>\t\t\t\t\t\t\t\t\t\t\t\t\t\t\t<\/div>\n\t\t\t\t<\/div>\n\t\t\t\t<div class=\"elementor-element elementor-element-dc46bb1 elementor-widget elementor-widget-heading\" data-id=\"dc46bb1\" data-element_type=\"widget\" data-widget_type=\"heading.default\">\n\t\t\t\t<div class=\"elementor-widget-container\">\n\t\t\t\t\t<h2 class=\"elementor-heading-title elementor-size-default\">BAKTER\u0130YEL ENFEKS\u0130YONLARIN\nKONTROL\u00dcN\u00dc SA\u011eLAR\n\n<\/h2>\t\t\t\t<\/div>\n\t\t\t\t<\/div>\n\t\t\t\t<\/div>\n\t\t<div class=\"elementor-element elementor-element-5beff7d e-flex e-con-boxed e-con e-child\" data-id=\"5beff7d\" data-element_type=\"container\">\n\t\t\t\t\t<div class=\"e-con-inner\">\n\t\t\t\t<div class=\"elementor-element elementor-element-09d1fb4 elementor-widget elementor-widget-image\" data-id=\"09d1fb4\" data-element_type=\"widget\" data-widget_type=\"image.default\">\n\t\t\t\t<div class=\"elementor-widget-container\">\n\t\t\t\t\t\t\t\t\t\t\t\t\t\t\t<img fetchpriority=\"high\" decoding=\"async\" width=\"794\" height=\"642\" src=\"https:\/\/www.idealdent.net\/bredent-medical\/wp-content\/uploads\/2025\/04\/Helbo_products-image.jpg\" class=\"attachment-large size-large wp-image-648\" alt=\"\" srcset=\"https:\/\/www.idealdent.net\/bredent-medical\/wp-content\/uploads\/2025\/04\/Helbo_products-image.jpg 794w, https:\/\/www.idealdent.net\/bredent-medical\/wp-content\/uploads\/2025\/04\/Helbo_products-image-300x243.jpg 300w, https:\/\/www.idealdent.net\/bredent-medical\/wp-content\/uploads\/2025\/04\/Helbo_products-image-768x621.jpg 768w, https:\/\/www.idealdent.net\/bredent-medical\/wp-content\/uploads\/2025\/04\/Helbo_products-image-93x75.jpg 93w, https:\/\/www.idealdent.net\/bredent-medical\/wp-content\/uploads\/2025\/04\/Helbo_products-image-480x388.jpg 480w\" sizes=\"(max-width:767px) 480px, (max-width:794px) 100vw, 794px\" \/>\t\t\t\t\t\t\t\t\t\t\t\t\t\t\t<\/div>\n\t\t\t\t<\/div>\n\t\t\t\t\t<\/div>\n\t\t\t\t<\/div>\n\t\t\t\t<\/div>\n\t\t<div class=\"elementor-element elementor-element-113bd65a e-flex e-con-boxed e-con e-parent\" data-id=\"113bd65a\" data-element_type=\"container\" data-settings=\"{&quot;background_motion_fx_range&quot;:&quot;page&quot;,&quot;background_motion_fx_devices&quot;:[&quot;desktop&quot;,&quot;tablet&quot;,&quot;mobile&quot;]}\">\n\t\t\t\t\t<div class=\"e-con-inner\">\n\t\t<div class=\"elementor-element elementor-element-fb86650 e-con-full e-flex e-con e-child\" data-id=\"fb86650\" data-element_type=\"container\">\n\t\t<div class=\"elementor-element elementor-element-fbac9af e-con-full e-flex e-con e-child\" data-id=\"fbac9af\" data-element_type=\"container\">\n\t\t\t\t<div class=\"elementor-element elementor-element-a185ba3 elementor-widget elementor-widget-video\" data-id=\"a185ba3\" data-element_type=\"widget\" data-settings=\"{&quot;video_type&quot;:&quot;hosted&quot;,&quot;controls&quot;:&quot;yes&quot;}\" data-widget_type=\"video.default\">\n\t\t\t\t<div class=\"elementor-widget-container\">\n\t\t\t\t\t\t\t<div class=\"e-hosted-video elementor-wrapper elementor-open-inline\">\n\t\t\t\t\t<video class=\"elementor-video\" src=\"https:\/\/www.idealdent.net\/bredent-medical\/wp-content\/uploads\/2025\/04\/Helbo_video.mp4\" controls=\"\" preload=\"metadata\" controlsList=\"nodownload\"><\/video>\n\t\t\t\t<\/div>\n\t\t\t\t\t\t<\/div>\n\t\t\t\t<\/div>\n\t\t\t\t<\/div>\n\t\t<div class=\"elementor-element elementor-element-4586b7e e-con-full e-flex e-con e-child\" data-id=\"4586b7e\" data-element_type=\"container\">\n\t\t\t\t<div class=\"elementor-element elementor-element-690f0e3 elementor-widget elementor-widget-heading\" data-id=\"690f0e3\" data-element_type=\"widget\" data-widget_type=\"heading.default\">\n\t\t\t\t<div class=\"elementor-widget-container\">\n\t\t\t\t\t<h2 class=\"elementor-heading-title elementor-size-default\">HELBO\u00ae Hakk\u0131nda Daha Fazla Bilgi Edinin\n\n<\/h2>\t\t\t\t<\/div>\n\t\t\t\t<\/div>\n\t\t\t\t<div class=\"elementor-element elementor-element-f14b540 elementor-align-center elementor-widget elementor-widget-button\" data-id=\"f14b540\" data-element_type=\"widget\" data-widget_type=\"button.default\">\n\t\t\t\t<div class=\"elementor-widget-container\">\n\t\t\t\t\t\t\t\t\t<div class=\"elementor-button-wrapper\">\n\t\t\t\t\t<a class=\"elementor-button elementor-button-link elementor-size-sm\" href=\"#\">\n\t\t\t\t\t\t<span class=\"elementor-button-content-wrapper\">\n\t\t\t\t\t\t\t\t\t<span class=\"elementor-button-text\">Bro\u015f\u00fcrleri indir<\/span>\n\t\t\t\t\t<\/span>\n\t\t\t\t\t<\/a>\n\t\t\t\t<\/div>\n\t\t\t\t\t\t\t\t<\/div>\n\t\t\t\t<\/div>\n\t\t\t\t<\/div>\n\t\t\t\t<\/div>\n\t\t\t\t\t<\/div>\n\t\t\t\t<\/div>\n\t\t<div class=\"elementor-element elementor-element-dd6d346 e-flex e-con-boxed e-con e-parent\" data-id=\"dd6d346\" data-element_type=\"container\" data-settings=\"{&quot;background_background&quot;:&quot;classic&quot;}\">\n\t\t\t\t\t<div class=\"e-con-inner\">\n\t\t\t\t<div class=\"elementor-element elementor-element-826a036 elementor-widget elementor-widget-image\" data-id=\"826a036\" data-element_type=\"widget\" data-widget_type=\"image.default\">\n\t\t\t\t<div class=\"elementor-widget-container\">\n\t\t\t\t\t\t\t\t\t\t\t\t\t\t\t<img decoding=\"async\" width=\"1000\" height=\"700\" src=\"https:\/\/www.idealdent.net\/bredent-medical\/wp-content\/uploads\/2025\/04\/brochures-menu-cover.jpg\" class=\"attachment-large size-large wp-image-372\" alt=\"\" srcset=\"https:\/\/www.idealdent.net\/bredent-medical\/wp-content\/uploads\/2025\/04\/brochures-menu-cover.jpg 1000w, https:\/\/www.idealdent.net\/bredent-medical\/wp-content\/uploads\/2025\/04\/brochures-menu-cover-300x210.jpg 300w, https:\/\/www.idealdent.net\/bredent-medical\/wp-content\/uploads\/2025\/04\/brochures-menu-cover-768x538.jpg 768w, https:\/\/www.idealdent.net\/bredent-medical\/wp-content\/uploads\/2025\/04\/brochures-menu-cover-107x75.jpg 107w, https:\/\/www.idealdent.net\/bredent-medical\/wp-content\/uploads\/2025\/04\/brochures-menu-cover-480x336.jpg 480w\" sizes=\"(max-width:767px) 480px, (max-width:1000px) 100vw, 1000px\" \/>\t\t\t\t\t\t\t\t\t\t\t\t\t\t\t<\/div>\n\t\t\t\t<\/div>\n\t\t\t\t<div class=\"elementor-element elementor-element-4d25c02 elementor-align-center elementor-widget elementor-widget-button\" data-id=\"4d25c02\" data-element_type=\"widget\" data-widget_type=\"button.default\">\n\t\t\t\t<div class=\"elementor-widget-container\">\n\t\t\t\t\t\t\t\t\t<div class=\"elementor-button-wrapper\">\n\t\t\t\t\t<a class=\"elementor-button elementor-button-link elementor-size-sm\" href=\"https:\/\/www.idealdent.net\/bredent-medical\/brosurler\">\n\t\t\t\t\t\t<span class=\"elementor-button-content-wrapper\">\n\t\t\t\t\t\t\t\t\t<span class=\"elementor-button-text\">Bro\u015f\u00fcrleri indir<\/span>\n\t\t\t\t\t<\/span>\n\t\t\t\t\t<\/a>\n\t\t\t\t<\/div>\n\t\t\t\t\t\t\t\t<\/div>\n\t\t\t\t<\/div>\n\t\t\t\t\t<\/div>\n\t\t\t\t<\/div>\n\t\t\t\t<\/div>\n\t\t","protected":false},"excerpt":{"rendered":"<p>BAKTER\u0130YEL ENFEKS\u0130YONLARIN KONTROL\u00dcN\u00dc SA\u011eLAR https:\/\/www.idealdent.net\/bredent-medical\/wp-content\/uploads\/2025\/04\/Helbo_video.mp4 HELBO\u00ae Hakk\u0131nda Daha Fazla Bilgi Edinin Bro\u015f\u00fcrleri indir Bro\u015f\u00fcrleri indir<\/p>\n","protected":false},"author":2,"featured_media":0,"parent":0,"menu_order":0,"comment_status":"closed","ping_status":"closed","template":"elementor_header_footer","meta":{"inline_featured_image":false,"footnotes":""},"class_list":["post-645","page","type-page","status-publish","hentry"],"_links":{"self":[{"href":"https:\/\/www.idealdent.net\/bredent-medical\/wp-json\/wp\/v2\/pages\/645","targetHints":{"allow":["GET"]}}],"collection":[{"href":"https:\/\/www.idealdent.net\/bredent-medical\/wp-json\/wp\/v2\/pages"}],"about":[{"href":"https:\/\/www.idealdent.net\/bredent-medical\/wp-json\/wp\/v2\/types\/page"}],"author":[{"embeddable":true,"href":"https:\/\/www.idealdent.net\/bredent-medical\/wp-json\/wp\/v2\/users\/2"}],"replies":[{"embeddable":true,"href":"https:\/\/www.idealdent.net\/bredent-medical\/wp-json\/wp\/v2\/comments?post=645"}],"version-history":[{"count":10,"href":"https:\/\/www.idealdent.net\/bredent-medical\/wp-json\/wp\/v2\/pages\/645\/revisions"}],"predecessor-version":[{"id":858,"href":"https:\/\/www.idealdent.net\/bredent-medical\/wp-json\/wp\/v2\/pages\/645\/revisions\/858"}],"wp:attachment":[{"href":"https:\/\/www.idealdent.net\/bredent-medical\/wp-json\/wp\/v2\/media?parent=645"}],"curies":[{"name":"wp","href":"https:\/\/api.w.org\/{rel}","templated":true}]}}