{"id":563,"date":"2025-04-17T03:13:29","date_gmt":"2025-04-17T00:13:29","guid":{"rendered":"https:\/\/www.idealdent.net\/bredent-medical\/?page_id=563"},"modified":"2025-04-20T14:31:24","modified_gmt":"2025-04-20T11:31:24","slug":"tam-kapsamli-anahtar-seti-universal-screwdriver-seti","status":"publish","type":"page","link":"https:\/\/www.idealdent.net\/bredent-medical\/tam-kapsamli-anahtar-seti-universal-screwdriver-seti\/","title":{"rendered":"Tam Kapsaml\u0131 Anahtar Seti &#8211; Universal Screwdriver Seti"},"content":{"rendered":"\t\t<div data-elementor-type=\"wp-page\" data-elementor-id=\"563\" class=\"elementor elementor-563\" data-elementor-post-type=\"page\">\n\t\t\t\t<div class=\"elementor-element elementor-element-7cc6e8e e-con-full e-flex e-con e-parent\" data-id=\"7cc6e8e\" data-element_type=\"container\" data-settings=\"{&quot;background_background&quot;:&quot;classic&quot;}\">\n\t\t<div class=\"elementor-element elementor-element-5beff7d e-flex e-con-boxed e-con e-child\" data-id=\"5beff7d\" data-element_type=\"container\">\n\t\t\t\t\t<div class=\"e-con-inner\">\n\t\t\t\t<div class=\"elementor-element elementor-element-09d1fb4 elementor-widget elementor-widget-image\" data-id=\"09d1fb4\" data-element_type=\"widget\" data-widget_type=\"image.default\">\n\t\t\t\t<div class=\"elementor-widget-container\">\n\t\t\t\t\t\t\t\t\t\t\t\t\t\t\t<img fetchpriority=\"high\" decoding=\"async\" width=\"1024\" height=\"768\" src=\"https:\/\/www.idealdent.net\/bredent-medical\/wp-content\/uploads\/2025\/04\/FullRangeDriverKit_cover-1024x768.png\" class=\"attachment-large size-large wp-image-565\" alt=\"\" srcset=\"https:\/\/www.idealdent.net\/bredent-medical\/wp-content\/uploads\/2025\/04\/FullRangeDriverKit_cover-1024x768.png 1024w, https:\/\/www.idealdent.net\/bredent-medical\/wp-content\/uploads\/2025\/04\/FullRangeDriverKit_cover-300x225.png 300w, https:\/\/www.idealdent.net\/bredent-medical\/wp-content\/uploads\/2025\/04\/FullRangeDriverKit_cover-768x576.png 768w, https:\/\/www.idealdent.net\/bredent-medical\/wp-content\/uploads\/2025\/04\/FullRangeDriverKit_cover-100x75.png 100w, https:\/\/www.idealdent.net\/bredent-medical\/wp-content\/uploads\/2025\/04\/FullRangeDriverKit_cover-480x360.png 480w, https:\/\/www.idealdent.net\/bredent-medical\/wp-content\/uploads\/2025\/04\/FullRangeDriverKit_cover.png 1400w\" sizes=\"(max-width:767px) 480px, (max-width:1024px) 100vw, 1024px\" \/>\t\t\t\t\t\t\t\t\t\t\t\t\t\t\t<\/div>\n\t\t\t\t<\/div>\n\t\t\t\t\t<\/div>\n\t\t\t\t<\/div>\n\t\t<div class=\"elementor-element elementor-element-afa7e76 e-con-full e-flex elementor-invisible e-con e-child\" data-id=\"afa7e76\" data-element_type=\"container\" data-settings=\"{&quot;animation&quot;:&quot;zoomIn&quot;}\">\n\t\t\t\t<div class=\"elementor-element elementor-element-26eac83 elementor-widget elementor-widget-heading\" data-id=\"26eac83\" data-element_type=\"widget\" data-widget_type=\"heading.default\">\n\t\t\t\t<div class=\"elementor-widget-container\">\n\t\t\t\t\t<h2 class=\"elementor-heading-title elementor-size-default\">Tam Kapsaml\u0131<\/h2>\t\t\t\t<\/div>\n\t\t\t\t<\/div>\n\t\t\t\t<div class=\"elementor-element elementor-element-dc46bb1 elementor-widget elementor-widget-heading\" data-id=\"dc46bb1\" data-element_type=\"widget\" data-widget_type=\"heading.default\">\n\t\t\t\t<div class=\"elementor-widget-container\">\n\t\t\t\t\t<h2 class=\"elementor-heading-title elementor-size-default\">UNIVERSAL SCREWDRIVER SET\u0130\n\n<\/h2>\t\t\t\t<\/div>\n\t\t\t\t<\/div>\n\t\t\t\t<\/div>\n\t\t\t\t<\/div>\n\t\t<div class=\"elementor-element elementor-element-113bd65a e-flex e-con-boxed e-con e-parent\" data-id=\"113bd65a\" data-element_type=\"container\" data-settings=\"{&quot;background_motion_fx_range&quot;:&quot;page&quot;,&quot;background_motion_fx_devices&quot;:[&quot;desktop&quot;,&quot;tablet&quot;,&quot;mobile&quot;]}\">\n\t\t\t\t\t<div class=\"e-con-inner\">\n\t\t\t\t<div class=\"elementor-element elementor-element-8b2c4d2 elementor-widget elementor-widget-heading\" data-id=\"8b2c4d2\" data-element_type=\"widget\" data-widget_type=\"heading.default\">\n\t\t\t\t<div class=\"elementor-widget-container\">\n\t\t\t\t\t<h2 class=\"elementor-heading-title elementor-size-default\">\u0130mplant Sistemlerinin %95'i ile uyumlu<\/h2>\t\t\t\t<\/div>\n\t\t\t\t<\/div>\n\t\t\t\t\t<\/div>\n\t\t\t\t<\/div>\n\t\t<div class=\"elementor-element elementor-element-6039a04 e-flex e-con-boxed e-con e-parent\" data-id=\"6039a04\" data-element_type=\"container\" data-settings=\"{&quot;background_background&quot;:&quot;classic&quot;}\">\n\t\t\t\t\t<div class=\"e-con-inner\">\n\t\t\t\t<div class=\"elementor-element elementor-element-5f9b73e elementor-widget elementor-widget-image\" data-id=\"5f9b73e\" data-element_type=\"widget\" data-widget_type=\"image.default\">\n\t\t\t\t<div class=\"elementor-widget-container\">\n\t\t\t\t\t\t\t\t\t\t\t\t\t\t\t<img decoding=\"async\" width=\"680\" height=\"345\" src=\"https:\/\/www.idealdent.net\/bredent-medical\/wp-content\/uploads\/2025\/04\/full_range_driver-kit.png\" class=\"attachment-large size-large wp-image-568\" alt=\"\" srcset=\"https:\/\/www.idealdent.net\/bredent-medical\/wp-content\/uploads\/2025\/04\/full_range_driver-kit.png 680w, https:\/\/www.idealdent.net\/bredent-medical\/wp-content\/uploads\/2025\/04\/full_range_driver-kit-300x152.png 300w, https:\/\/www.idealdent.net\/bredent-medical\/wp-content\/uploads\/2025\/04\/full_range_driver-kit-148x75.png 148w, https:\/\/www.idealdent.net\/bredent-medical\/wp-content\/uploads\/2025\/04\/full_range_driver-kit-480x244.png 480w\" sizes=\"(max-width:767px) 480px, 680px\" \/>\t\t\t\t\t\t\t\t\t\t\t\t\t\t\t<\/div>\n\t\t\t\t<\/div>\n\t\t\t\t\t<\/div>\n\t\t\t\t<\/div>\n\t\t<div class=\"elementor-element elementor-element-d8e4e17 e-flex e-con-boxed e-con e-parent\" data-id=\"d8e4e17\" data-element_type=\"container\" data-settings=\"{&quot;background_background&quot;:&quot;classic&quot;,&quot;background_motion_fx_motion_fx_scrolling&quot;:&quot;yes&quot;,&quot;background_motion_fx_translateY_effect&quot;:&quot;yes&quot;,&quot;background_motion_fx_range&quot;:&quot;page&quot;,&quot;background_motion_fx_translateY_speed&quot;:{&quot;unit&quot;:&quot;px&quot;,&quot;size&quot;:4,&quot;sizes&quot;:[]},&quot;background_motion_fx_translateY_affectedRange&quot;:{&quot;unit&quot;:&quot;%&quot;,&quot;size&quot;:&quot;&quot;,&quot;sizes&quot;:{&quot;start&quot;:0,&quot;end&quot;:100}},&quot;background_motion_fx_devices&quot;:[&quot;desktop&quot;,&quot;tablet&quot;,&quot;mobile&quot;]}\">\n\t\t\t\t\t<div class=\"e-con-inner\">\n\t\t\t\t<div class=\"elementor-element elementor-element-2000257 elementor-widget elementor-widget-image\" data-id=\"2000257\" data-element_type=\"widget\" data-widget_type=\"image.default\">\n\t\t\t\t<div class=\"elementor-widget-container\">\n\t\t\t\t\t\t\t\t\t\t\t\t\t\t\t<img decoding=\"async\" width=\"706\" height=\"600\" src=\"https:\/\/www.idealdent.net\/bredent-medical\/wp-content\/uploads\/2025\/04\/Thermo-Disinfector.png\" class=\"attachment-large size-large wp-image-556\" alt=\"\" srcset=\"https:\/\/www.idealdent.net\/bredent-medical\/wp-content\/uploads\/2025\/04\/Thermo-Disinfector.png 706w, https:\/\/www.idealdent.net\/bredent-medical\/wp-content\/uploads\/2025\/04\/Thermo-Disinfector-300x255.png 300w, https:\/\/www.idealdent.net\/bredent-medical\/wp-content\/uploads\/2025\/04\/Thermo-Disinfector-88x75.png 88w, https:\/\/www.idealdent.net\/bredent-medical\/wp-content\/uploads\/2025\/04\/Thermo-Disinfector-480x408.png 480w\" sizes=\"(max-width:767px) 480px, 706px\" \/>\t\t\t\t\t\t\t\t\t\t\t\t\t\t\t<\/div>\n\t\t\t\t<\/div>\n\t\t\t\t\t<\/div>\n\t\t\t\t<\/div>\n\t\t\t\t<\/div>\n\t\t","protected":false},"excerpt":{"rendered":"<p>Tam Kapsaml\u0131 UNIVERSAL SCREWDRIVER SET\u0130 \u0130mplant Sistemlerinin %95&#8217;i ile uyumlu<\/p>\n","protected":false},"author":2,"featured_media":0,"parent":0,"menu_order":0,"comment_status":"closed","ping_status":"closed","template":"elementor_header_footer","meta":{"inline_featured_image":false,"footnotes":""},"class_list":["post-563","page","type-page","status-publish","hentry"],"_links":{"self":[{"href":"https:\/\/www.idealdent.net\/bredent-medical\/wp-json\/wp\/v2\/pages\/563","targetHints":{"allow":["GET"]}}],"collection":[{"href":"https:\/\/www.idealdent.net\/bredent-medical\/wp-json\/wp\/v2\/pages"}],"about":[{"href":"https:\/\/www.idealdent.net\/bredent-medical\/wp-json\/wp\/v2\/types\/page"}],"author":[{"embeddable":true,"href":"https:\/\/www.idealdent.net\/bredent-medical\/wp-json\/wp\/v2\/users\/2"}],"replies":[{"embeddable":true,"href":"https:\/\/www.idealdent.net\/bredent-medical\/wp-json\/wp\/v2\/comments?post=563"}],"version-history":[{"count":10,"href":"https:\/\/www.idealdent.net\/bredent-medical\/wp-json\/wp\/v2\/pages\/563\/revisions"}],"predecessor-version":[{"id":580,"href":"https:\/\/www.idealdent.net\/bredent-medical\/wp-json\/wp\/v2\/pages\/563\/revisions\/580"}],"wp:attachment":[{"href":"https:\/\/www.idealdent.net\/bredent-medical\/wp-json\/wp\/v2\/media?parent=563"}],"curies":[{"name":"wp","href":"https:\/\/api.w.org\/{rel}","templated":true}]}}