{"id":521,"date":"2025-04-17T02:11:10","date_gmt":"2025-04-16T23:11:10","guid":{"rendered":"https:\/\/www.idealdent.net\/bredent-medical\/?page_id=521"},"modified":"2025-04-21T02:00:57","modified_gmt":"2025-04-20T23:00:57","slug":"cad-cam-cozumler","status":"publish","type":"page","link":"https:\/\/www.idealdent.net\/bredent-medical\/cad-cam-cozumler\/","title":{"rendered":"CAD\/CAM \u00c7\u00f6z\u00fcmler"},"content":{"rendered":"\t\t<div data-elementor-type=\"wp-page\" data-elementor-id=\"521\" class=\"elementor elementor-521\" data-elementor-post-type=\"page\">\n\t\t\t\t<div class=\"elementor-element elementor-element-7cc6e8e e-con-full e-flex e-con e-parent\" data-id=\"7cc6e8e\" data-element_type=\"container\" data-settings=\"{&quot;background_background&quot;:&quot;classic&quot;}\">\n\t\t<div class=\"elementor-element elementor-element-6795dab e-con-full e-flex e-con e-child\" data-id=\"6795dab\" data-element_type=\"container\">\n\t\t\t\t<div class=\"elementor-element elementor-element-8ca2dd4 elementor-widget elementor-widget-image\" data-id=\"8ca2dd4\" data-element_type=\"widget\" data-widget_type=\"image.default\">\n\t\t\t\t<div class=\"elementor-widget-container\">\n\t\t\t\t\t\t\t\t\t\t\t\t\t\t\t<img fetchpriority=\"high\" decoding=\"async\" width=\"660\" height=\"361\" src=\"https:\/\/www.idealdent.net\/bredent-medical\/wp-content\/uploads\/2025\/04\/SKYonics_logo.png\" class=\"attachment-large size-large wp-image-352\" alt=\"\" srcset=\"https:\/\/www.idealdent.net\/bredent-medical\/wp-content\/uploads\/2025\/04\/SKYonics_logo.png 660w, https:\/\/www.idealdent.net\/bredent-medical\/wp-content\/uploads\/2025\/04\/SKYonics_logo-300x164.png 300w, https:\/\/www.idealdent.net\/bredent-medical\/wp-content\/uploads\/2025\/04\/SKYonics_logo-137x75.png 137w, https:\/\/www.idealdent.net\/bredent-medical\/wp-content\/uploads\/2025\/04\/SKYonics_logo-480x263.png 480w\" sizes=\"(max-width:767px) 480px, 660px\" \/>\t\t\t\t\t\t\t\t\t\t\t\t\t\t\t<\/div>\n\t\t\t\t<\/div>\n\t\t\t\t<div class=\"elementor-element elementor-element-3590568 elementor-widget elementor-widget-heading\" data-id=\"3590568\" data-element_type=\"widget\" data-widget_type=\"heading.default\">\n\t\t\t\t<div class=\"elementor-widget-container\">\n\t\t\t\t\t<h2 class=\"elementor-heading-title elementor-size-default\">Analog ve Dijital \u0130\u015f Ak\u0131\u015flar\u0131\n\n<\/h2>\t\t\t\t<\/div>\n\t\t\t\t<\/div>\n\t\t\t\t<\/div>\n\t\t<div class=\"elementor-element elementor-element-5beff7d e-con-full e-flex e-con e-child\" data-id=\"5beff7d\" data-element_type=\"container\">\n\t\t\t\t<div class=\"elementor-element elementor-element-6a04903 elementor-widget elementor-widget-image\" data-id=\"6a04903\" data-element_type=\"widget\" data-widget_type=\"image.default\">\n\t\t\t\t<div class=\"elementor-widget-container\">\n\t\t\t\t\t\t\t\t\t\t\t\t\t\t\t<img decoding=\"async\" width=\"892\" height=\"600\" src=\"https:\/\/www.idealdent.net\/bredent-medical\/wp-content\/uploads\/2025\/04\/skyonics-cad_cam_cover.jpg\" class=\"attachment-large size-large wp-image-526\" alt=\"\" srcset=\"https:\/\/www.idealdent.net\/bredent-medical\/wp-content\/uploads\/2025\/04\/skyonics-cad_cam_cover.jpg 892w, https:\/\/www.idealdent.net\/bredent-medical\/wp-content\/uploads\/2025\/04\/skyonics-cad_cam_cover-300x202.jpg 300w, https:\/\/www.idealdent.net\/bredent-medical\/wp-content\/uploads\/2025\/04\/skyonics-cad_cam_cover-768x517.jpg 768w, https:\/\/www.idealdent.net\/bredent-medical\/wp-content\/uploads\/2025\/04\/skyonics-cad_cam_cover-112x75.jpg 112w, https:\/\/www.idealdent.net\/bredent-medical\/wp-content\/uploads\/2025\/04\/skyonics-cad_cam_cover-480x323.jpg 480w\" sizes=\"(max-width:767px) 480px, (max-width:892px) 100vw, 892px\" \/>\t\t\t\t\t\t\t\t\t\t\t\t\t\t\t<\/div>\n\t\t\t\t<\/div>\n\t\t\t\t<\/div>\n\t\t\t\t<\/div>\n\t\t<div class=\"elementor-element elementor-element-999f83a e-flex e-con-boxed e-con e-parent\" data-id=\"999f83a\" data-element_type=\"container\" data-settings=\"{&quot;background_background&quot;:&quot;classic&quot;}\">\n\t\t\t\t\t<div class=\"e-con-inner\">\n\t\t<div class=\"elementor-element elementor-element-c186485 e-con-full e-flex e-con e-child\" data-id=\"c186485\" data-element_type=\"container\">\n\t\t\t\t<div class=\"elementor-element elementor-element-581c984 elementor-widget elementor-widget-heading\" data-id=\"581c984\" data-element_type=\"widget\" data-widget_type=\"heading.default\">\n\t\t\t\t<div class=\"elementor-widget-container\">\n\t\t\t\t\t<h2 class=\"elementor-heading-title elementor-size-default\">Dijital \u0130\u015f Ak\u0131\u015f\u0131\n\n<\/h2>\t\t\t\t<\/div>\n\t\t\t\t<\/div>\n\t\t\t\t<div class=\"elementor-element elementor-element-dc9a18d elementor-widget elementor-widget-heading\" data-id=\"dc9a18d\" data-element_type=\"widget\" data-widget_type=\"heading.default\">\n\t\t\t\t<div class=\"elementor-widget-container\">\n\t\t\t\t\t<h2 class=\"elementor-heading-title elementor-size-default\">\u00d6zel restorasyonlar ve guided cerrahiyi birle\u015ftirmek, hasta ve uygulama i\u00e7in maksimum yarar sa\u011flar.\n\n<\/h2>\t\t\t\t<\/div>\n\t\t\t\t<\/div>\n\t\t\t\t<div class=\"elementor-element elementor-element-8d50e7f elementor-icon-list--layout-traditional elementor-list-item-link-full_width elementor-widget elementor-widget-icon-list\" data-id=\"8d50e7f\" data-element_type=\"widget\" data-widget_type=\"icon-list.default\">\n\t\t\t\t<div class=\"elementor-widget-container\">\n\t\t\t\t\t\t\t<ul class=\"elementor-icon-list-items\">\n\t\t\t\t\t\t\t<li class=\"elementor-icon-list-item\">\n\t\t\t\t\t\t\t\t\t\t\t<span class=\"elementor-icon-list-icon\">\n\t\t\t\t\t\t\t<svg aria-hidden=\"true\" class=\"e-font-icon-svg e-fas-circle\" viewBox=\"0 0 512 512\" xmlns=\"http:\/\/www.w3.org\/2000\/svg\"><path d=\"M256 8C119 8 8 119 8 256s111 248 248 248 248-111 248-248S393 8 256 8z\"><\/path><\/svg>\t\t\t\t\t\t<\/span>\n\t\t\t\t\t\t\t\t\t\t<span class=\"elementor-icon-list-text\">Ameliyat Esnas\u0131nda Daha Az \u0130\u015flem<\/span>\n\t\t\t\t\t\t\t\t\t<\/li>\n\t\t\t\t\t\t\t\t<li class=\"elementor-icon-list-item\">\n\t\t\t\t\t\t\t\t\t\t\t<span class=\"elementor-icon-list-icon\">\n\t\t\t\t\t\t\t<svg aria-hidden=\"true\" class=\"e-font-icon-svg e-fas-circle\" viewBox=\"0 0 512 512\" xmlns=\"http:\/\/www.w3.org\/2000\/svg\"><path d=\"M256 8C119 8 8 119 8 256s111 248 248 248 248-111 248-248S393 8 256 8z\"><\/path><\/svg>\t\t\t\t\t\t<\/span>\n\t\t\t\t\t\t\t\t\t\t<span class=\"elementor-icon-list-text\">Azalan Ziyaretler ve Hasta Ba\u015f\u0131nda Ge\u00e7irilen S\u00fcreden Tasarruf<\/span>\n\t\t\t\t\t\t\t\t\t<\/li>\n\t\t\t\t\t\t\t\t<li class=\"elementor-icon-list-item\">\n\t\t\t\t\t\t\t\t\t\t\t<span class=\"elementor-icon-list-icon\">\n\t\t\t\t\t\t\t<svg aria-hidden=\"true\" class=\"e-font-icon-svg e-fas-circle\" viewBox=\"0 0 512 512\" xmlns=\"http:\/\/www.w3.org\/2000\/svg\"><path d=\"M256 8C119 8 8 119 8 256s111 248 248 248 248-111 248-248S393 8 256 8z\"><\/path><\/svg>\t\t\t\t\t\t<\/span>\n\t\t\t\t\t\t\t\t\t\t<span class=\"elementor-icon-list-text\">Tek Seansta Tedavi ile En \u0130yi Klinik Sonu\u00e7lar<\/span>\n\t\t\t\t\t\t\t\t\t<\/li>\n\t\t\t\t\t\t\t\t<li class=\"elementor-icon-list-item\">\n\t\t\t\t\t\t\t\t\t\t\t<span class=\"elementor-icon-list-icon\">\n\t\t\t\t\t\t\t<svg aria-hidden=\"true\" class=\"e-font-icon-svg e-fas-circle\" viewBox=\"0 0 512 512\" xmlns=\"http:\/\/www.w3.org\/2000\/svg\"><path d=\"M256 8C119 8 8 119 8 256s111 248 248 248 248-111 248-248S393 8 256 8z\"><\/path><\/svg>\t\t\t\t\t\t<\/span>\n\t\t\t\t\t\t\t\t\t\t<span class=\"elementor-icon-list-text\">\u0130mmediyat Restorasyon ile En \u0130yi Klinik Sonu\u00e7lar<\/span>\n\t\t\t\t\t\t\t\t\t<\/li>\n\t\t\t\t\t\t<\/ul>\n\t\t\t\t\t\t<\/div>\n\t\t\t\t<\/div>\n\t\t\t\t<\/div>\n\t\t\t\t\t<\/div>\n\t\t\t\t<\/div>\n\t\t<div class=\"elementor-element elementor-element-81e4e41 e-flex e-con-boxed e-con e-parent\" data-id=\"81e4e41\" data-element_type=\"container\" data-settings=\"{&quot;background_background&quot;:&quot;gradient&quot;}\">\n\t\t\t\t\t<div class=\"e-con-inner\">\n\t\t<div class=\"elementor-element elementor-element-414882d e-con-full e-flex e-con e-child\" data-id=\"414882d\" data-element_type=\"container\">\n\t\t\t\t<div class=\"elementor-element elementor-element-13ad0d8 elementor-widget elementor-widget-video\" data-id=\"13ad0d8\" data-element_type=\"widget\" data-settings=\"{&quot;video_type&quot;:&quot;hosted&quot;,&quot;autoplay&quot;:&quot;yes&quot;,&quot;mute&quot;:&quot;yes&quot;,&quot;controls&quot;:&quot;yes&quot;}\" data-widget_type=\"video.default\">\n\t\t\t\t<div class=\"elementor-widget-container\">\n\t\t\t\t\t\t\t<div class=\"e-hosted-video elementor-wrapper elementor-open-inline\">\n\t\t\t\t\t<video class=\"elementor-video\" src=\"https:\/\/www.idealdent.net\/bredent-medical\/wp-content\/uploads\/2025\/04\/Guided-surgery-combined-with-customized-abutment.mp4\" autoplay=\"\" controls=\"\" muted=\"muted\" controlsList=\"nodownload\"><\/video>\n\t\t\t\t<\/div>\n\t\t\t\t\t\t<\/div>\n\t\t\t\t<\/div>\n\t\t\t\t<\/div>\n\t\t<div class=\"elementor-element elementor-element-ce0c041 e-con-full e-flex e-con e-child\" data-id=\"ce0c041\" data-element_type=\"container\">\n\t\t\t\t<div class=\"elementor-element elementor-element-5f69f65 elementor-widget elementor-widget-heading\" data-id=\"5f69f65\" data-element_type=\"widget\" data-widget_type=\"heading.default\">\n\t\t\t\t<div class=\"elementor-widget-container\">\n\t\t\t\t\t<h2 class=\"elementor-heading-title elementor-size-default\">Tek Di\u015f<br>\nTek Seansta Tedavi<\/h2>\t\t\t\t<\/div>\n\t\t\t\t<\/div>\n\t\t\t\t<\/div>\n\t\t\t\t\t<\/div>\n\t\t\t\t<\/div>\n\t\t<div class=\"elementor-element elementor-element-87dd508 e-flex e-con-boxed e-con e-parent\" data-id=\"87dd508\" data-element_type=\"container\" data-settings=\"{&quot;background_background&quot;:&quot;gradient&quot;}\">\n\t\t\t\t\t<div class=\"e-con-inner\">\n\t\t<div class=\"elementor-element elementor-element-b5c7679 e-con-full e-flex e-con e-child\" data-id=\"b5c7679\" data-element_type=\"container\">\n\t\t\t\t<div class=\"elementor-element elementor-element-6ebd86b elementor-widget elementor-widget-video\" data-id=\"6ebd86b\" data-element_type=\"widget\" data-settings=\"{&quot;video_type&quot;:&quot;hosted&quot;,&quot;autoplay&quot;:&quot;yes&quot;,&quot;mute&quot;:&quot;yes&quot;,&quot;controls&quot;:&quot;yes&quot;}\" data-widget_type=\"video.default\">\n\t\t\t\t<div class=\"elementor-widget-container\">\n\t\t\t\t\t\t\t<div class=\"e-hosted-video elementor-wrapper elementor-open-inline\">\n\t\t\t\t\t<video class=\"elementor-video\" src=\"https:\/\/www.idealdent.net\/bredent-medical\/wp-content\/uploads\/2025\/04\/2in1_technique_milled_framework_milled_veneering.mp4\" autoplay=\"\" controls=\"\" muted=\"muted\" controlsList=\"nodownload\"><\/video>\n\t\t\t\t<\/div>\n\t\t\t\t\t\t<\/div>\n\t\t\t\t<\/div>\n\t\t\t\t<\/div>\n\t\t<div class=\"elementor-element elementor-element-302221d e-con-full e-flex e-con e-child\" data-id=\"302221d\" data-element_type=\"container\">\n\t\t\t\t<div class=\"elementor-element elementor-element-3b9182c elementor-widget elementor-widget-heading\" data-id=\"3b9182c\" data-element_type=\"widget\" data-widget_type=\"heading.default\">\n\t\t\t\t<div class=\"elementor-widget-container\">\n\t\t\t\t\t<h2 class=\"elementor-heading-title elementor-size-default\">2In1 Tekni\u011fi\nMAK\u0130NEDE KAZINMI\u015e ALT YAPI VE KAPLAMA\n\n<\/h2>\t\t\t\t<\/div>\n\t\t\t\t<\/div>\n\t\t\t\t<\/div>\n\t\t\t\t\t<\/div>\n\t\t\t\t<\/div>\n\t\t<div class=\"elementor-element elementor-element-59aa09d e-flex e-con-boxed e-con e-parent\" data-id=\"59aa09d\" data-element_type=\"container\" data-settings=\"{&quot;background_background&quot;:&quot;classic&quot;}\">\n\t\t\t\t\t<div class=\"e-con-inner\">\n\t\t<div class=\"elementor-element elementor-element-fa8b1cc e-con-full e-flex e-con e-child\" data-id=\"fa8b1cc\" data-element_type=\"container\">\n\t\t\t\t<div class=\"elementor-element elementor-element-4b9087d elementor-widget elementor-widget-heading\" data-id=\"4b9087d\" data-element_type=\"widget\" data-widget_type=\"heading.default\">\n\t\t\t\t<div class=\"elementor-widget-container\">\n\t\t\t\t\t<h2 class=\"elementor-heading-title elementor-size-default\">\u00c7\u00f6z\u00fcmlerimiz<\/h2>\t\t\t\t<\/div>\n\t\t\t\t<\/div>\n\t\t\t\t<\/div>\n\t\t<div class=\"elementor-element elementor-element-6eb2f3b e-con-full e-flex e-con e-child\" data-id=\"6eb2f3b\" data-element_type=\"container\">\n\t\t<div class=\"elementor-element elementor-element-5668b2e e-con-full e-flex e-con e-child\" data-id=\"5668b2e\" data-element_type=\"container\">\n\t\t\t\t<div class=\"elementor-element elementor-element-b47aa71 elementor-widget elementor-widget-image\" data-id=\"b47aa71\" data-element_type=\"widget\" data-widget_type=\"image.default\">\n\t\t\t\t<div class=\"elementor-widget-container\">\n\t\t\t\t\t\t\t\t\t\t\t\t\t\t\t<img decoding=\"async\" width=\"1024\" height=\"1024\" src=\"https:\/\/www.idealdent.net\/bredent-medical\/wp-content\/uploads\/2025\/04\/SKY_fastfixed_submenu-1024x1024.jpg\" class=\"attachment-large size-large wp-image-471\" alt=\"\" srcset=\"https:\/\/www.idealdent.net\/bredent-medical\/wp-content\/uploads\/2025\/04\/SKY_fastfixed_submenu-1024x1024.jpg 1024w, https:\/\/www.idealdent.net\/bredent-medical\/wp-content\/uploads\/2025\/04\/SKY_fastfixed_submenu-300x300.jpg 300w, https:\/\/www.idealdent.net\/bredent-medical\/wp-content\/uploads\/2025\/04\/SKY_fastfixed_submenu-150x150.jpg 150w, https:\/\/www.idealdent.net\/bredent-medical\/wp-content\/uploads\/2025\/04\/SKY_fastfixed_submenu-768x768.jpg 768w, https:\/\/www.idealdent.net\/bredent-medical\/wp-content\/uploads\/2025\/04\/SKY_fastfixed_submenu-75x75.jpg 75w, https:\/\/www.idealdent.net\/bredent-medical\/wp-content\/uploads\/2025\/04\/SKY_fastfixed_submenu-480x480.jpg 480w, https:\/\/www.idealdent.net\/bredent-medical\/wp-content\/uploads\/2025\/04\/SKY_fastfixed_submenu.jpg 1200w\" sizes=\"(max-width:767px) 480px, (max-width:1024px) 100vw, 1024px\" \/>\t\t\t\t\t\t\t\t\t\t\t\t\t\t\t<\/div>\n\t\t\t\t<\/div>\n\t\t\t\t<div class=\"elementor-element elementor-element-0e6e2e0 elementor-align-center elementor-widget elementor-widget-button\" data-id=\"0e6e2e0\" data-element_type=\"widget\" data-widget_type=\"button.default\">\n\t\t\t\t<div class=\"elementor-widget-container\">\n\t\t\t\t\t\t\t\t\t<div class=\"elementor-button-wrapper\">\n\t\t\t\t\t<a class=\"elementor-button elementor-button-link elementor-size-sm\" href=\"https:\/\/www.idealdent.net\/bredent-medical\/sky-fast-fixed-tedavisi\/\">\n\t\t\t\t\t\t<span class=\"elementor-button-content-wrapper\">\n\t\t\t\t\t\t\t\t\t<span class=\"elementor-button-text\">SKY Fast & Fixed<\/span>\n\t\t\t\t\t<\/span>\n\t\t\t\t\t<\/a>\n\t\t\t\t<\/div>\n\t\t\t\t\t\t\t\t<\/div>\n\t\t\t\t<\/div>\n\t\t\t\t<\/div>\n\t\t<div class=\"elementor-element elementor-element-7df97ea e-con-full e-flex e-con e-child\" data-id=\"7df97ea\" data-element_type=\"container\">\n\t\t\t\t<div class=\"elementor-element elementor-element-d8070d5 elementor-widget elementor-widget-image\" data-id=\"d8070d5\" data-element_type=\"widget\" data-widget_type=\"image.default\">\n\t\t\t\t<div class=\"elementor-widget-container\">\n\t\t\t\t\t\t\t\t\t\t\t\t\t\t\t<img loading=\"lazy\" decoding=\"async\" width=\"1024\" height=\"1024\" src=\"https:\/\/www.idealdent.net\/bredent-medical\/wp-content\/uploads\/2025\/04\/single_tooth_submenu-1-1024x1024.jpg\" class=\"attachment-large size-large wp-image-479\" alt=\"\" srcset=\"https:\/\/www.idealdent.net\/bredent-medical\/wp-content\/uploads\/2025\/04\/single_tooth_submenu-1-1024x1024.jpg 1024w, https:\/\/www.idealdent.net\/bredent-medical\/wp-content\/uploads\/2025\/04\/single_tooth_submenu-1-300x300.jpg 300w, https:\/\/www.idealdent.net\/bredent-medical\/wp-content\/uploads\/2025\/04\/single_tooth_submenu-1-150x150.jpg 150w, https:\/\/www.idealdent.net\/bredent-medical\/wp-content\/uploads\/2025\/04\/single_tooth_submenu-1-768x768.jpg 768w, https:\/\/www.idealdent.net\/bredent-medical\/wp-content\/uploads\/2025\/04\/single_tooth_submenu-1-75x75.jpg 75w, https:\/\/www.idealdent.net\/bredent-medical\/wp-content\/uploads\/2025\/04\/single_tooth_submenu-1-480x480.jpg 480w, https:\/\/www.idealdent.net\/bredent-medical\/wp-content\/uploads\/2025\/04\/single_tooth_submenu-1.jpg 1200w\" sizes=\"(max-width:767px) 480px, (max-width:1024px) 100vw, 1024px\" \/>\t\t\t\t\t\t\t\t\t\t\t\t\t\t\t<\/div>\n\t\t\t\t<\/div>\n\t\t\t\t<div class=\"elementor-element elementor-element-5c46e1f elementor-align-center elementor-widget elementor-widget-button\" data-id=\"5c46e1f\" data-element_type=\"widget\" data-widget_type=\"button.default\">\n\t\t\t\t<div class=\"elementor-widget-container\">\n\t\t\t\t\t\t\t\t\t<div class=\"elementor-button-wrapper\">\n\t\t\t\t\t<a class=\"elementor-button elementor-button-link elementor-size-sm\" href=\"https:\/\/www.idealdent.net\/bredent-medical\/biohpp-analog-ve-dijital-is-akisi\/\">\n\t\t\t\t\t\t<span class=\"elementor-button-content-wrapper\">\n\t\t\t\t\t\t\t\t\t<span class=\"elementor-button-text\">BioHPP SKY elegance<\/span>\n\t\t\t\t\t<\/span>\n\t\t\t\t\t<\/a>\n\t\t\t\t<\/div>\n\t\t\t\t\t\t\t\t<\/div>\n\t\t\t\t<\/div>\n\t\t\t\t<\/div>\n\t\t\t\t<\/div>\n\t\t\t\t\t<\/div>\n\t\t\t\t<\/div>\n\t\t<div class=\"elementor-element elementor-element-86e709e e-con-full e-flex e-con e-parent\" data-id=\"86e709e\" data-element_type=\"container\">\n\t\t<div class=\"elementor-element elementor-element-1013ef9 e-con-full e-flex e-con e-child\" data-id=\"1013ef9\" data-element_type=\"container\" data-settings=\"{&quot;background_background&quot;:&quot;classic&quot;}\">\n\t\t\t\t<div class=\"elementor-element elementor-element-1620bc2 elementor-widget elementor-widget-heading\" data-id=\"1620bc2\" data-element_type=\"widget\" data-widget_type=\"heading.default\">\n\t\t\t\t<div class=\"elementor-widget-container\">\n\t\t\t\t\t<h2 class=\"elementor-heading-title elementor-size-default\">FREZ C\u0130HAZLARIMIZ<\/h2>\t\t\t\t<\/div>\n\t\t\t\t<\/div>\n\t\t\t\t<div class=\"elementor-element elementor-element-764ee48 elementor-align-center elementor-widget elementor-widget-button\" data-id=\"764ee48\" data-element_type=\"widget\" data-widget_type=\"button.default\">\n\t\t\t\t<div class=\"elementor-widget-container\">\n\t\t\t\t\t\t\t\t\t<div class=\"elementor-button-wrapper\">\n\t\t\t\t\t<a class=\"elementor-button elementor-button-link elementor-size-sm\" href=\"http:\/\/dental-concept-systems.com\/en\/\">\n\t\t\t\t\t\t<span class=\"elementor-button-content-wrapper\">\n\t\t\t\t\t\t<span class=\"elementor-button-icon\">\n\t\t\t\t<svg aria-hidden=\"true\" class=\"e-font-icon-svg e-fas-external-link-alt\" viewBox=\"0 0 512 512\" xmlns=\"http:\/\/www.w3.org\/2000\/svg\"><path d=\"M432,320H400a16,16,0,0,0-16,16V448H64V128H208a16,16,0,0,0,16-16V80a16,16,0,0,0-16-16H48A48,48,0,0,0,0,112V464a48,48,0,0,0,48,48H400a48,48,0,0,0,48-48V336A16,16,0,0,0,432,320ZM488,0h-128c-21.37,0-32.05,25.91-17,41l35.73,35.73L135,320.37a24,24,0,0,0,0,34L157.67,377a24,24,0,0,0,34,0L435.28,133.32,471,169c15,15,41,4.5,41-17V24A24,24,0,0,0,488,0Z\"><\/path><\/svg>\t\t\t<\/span>\n\t\t\t\t\t\t\t\t\t<span class=\"elementor-button-text\">Dental Concept Systems Ziyaret Edin<\/span>\n\t\t\t\t\t<\/span>\n\t\t\t\t\t<\/a>\n\t\t\t\t<\/div>\n\t\t\t\t\t\t\t\t<\/div>\n\t\t\t\t<\/div>\n\t\t\t\t<\/div>\n\t\t<div class=\"elementor-element elementor-element-0914ad3 e-con-full e-flex e-con e-child\" data-id=\"0914ad3\" data-element_type=\"container\">\n\t\t\t\t<div class=\"elementor-element elementor-element-9b6994d elementor-widget elementor-widget-video\" data-id=\"9b6994d\" data-element_type=\"widget\" data-settings=\"{&quot;video_type&quot;:&quot;hosted&quot;,&quot;controls&quot;:&quot;yes&quot;}\" data-widget_type=\"video.default\">\n\t\t\t\t<div class=\"elementor-widget-container\">\n\t\t\t\t\t\t\t<div class=\"e-hosted-video elementor-wrapper elementor-open-inline\">\n\t\t\t\t\t<video class=\"elementor-video\" src=\"https:\/\/www.idealdent.net\/bredent-medical\/wp-content\/uploads\/2025\/04\/BioHPP-prefab-milling-english-1.mp4\" controls=\"\" preload=\"metadata\" controlsList=\"nodownload\"><\/video>\n\t\t\t\t<\/div>\n\t\t\t\t\t\t<\/div>\n\t\t\t\t<\/div>\n\t\t\t\t<\/div>\n\t\t\t\t<\/div>\n\t\t\t\t<\/div>\n\t\t","protected":false},"excerpt":{"rendered":"<p>Analog ve Dijital \u0130\u015f Ak\u0131\u015flar\u0131 Dijital \u0130\u015f Ak\u0131\u015f\u0131 \u00d6zel restorasyonlar ve guided cerrahiyi birle\u015ftirmek, hasta ve uygulama i\u00e7in maksimum yarar sa\u011flar. Ameliyat Esnas\u0131nda Daha Az \u0130\u015flem<span class=\"excerpt-hellip\"> [\u2026]<\/span><\/p>\n","protected":false},"author":2,"featured_media":0,"parent":0,"menu_order":0,"comment_status":"closed","ping_status":"closed","template":"elementor_header_footer","meta":{"inline_featured_image":false,"footnotes":""},"class_list":["post-521","page","type-page","status-publish","hentry"],"_links":{"self":[{"href":"https:\/\/www.idealdent.net\/bredent-medical\/wp-json\/wp\/v2\/pages\/521","targetHints":{"allow":["GET"]}}],"collection":[{"href":"https:\/\/www.idealdent.net\/bredent-medical\/wp-json\/wp\/v2\/pages"}],"about":[{"href":"https:\/\/www.idealdent.net\/bredent-medical\/wp-json\/wp\/v2\/types\/page"}],"author":[{"embeddable":true,"href":"https:\/\/www.idealdent.net\/bredent-medical\/wp-json\/wp\/v2\/users\/2"}],"replies":[{"embeddable":true,"href":"https:\/\/www.idealdent.net\/bredent-medical\/wp-json\/wp\/v2\/comments?post=521"}],"version-history":[{"count":10,"href":"https:\/\/www.idealdent.net\/bredent-medical\/wp-json\/wp\/v2\/pages\/521\/revisions"}],"predecessor-version":[{"id":852,"href":"https:\/\/www.idealdent.net\/bredent-medical\/wp-json\/wp\/v2\/pages\/521\/revisions\/852"}],"wp:attachment":[{"href":"https:\/\/www.idealdent.net\/bredent-medical\/wp-json\/wp\/v2\/media?parent=521"}],"curies":[{"name":"wp","href":"https:\/\/api.w.org\/{rel}","templated":true}]}}