{"id":504,"date":"2025-04-17T01:06:27","date_gmt":"2025-04-16T22:06:27","guid":{"rendered":"https:\/\/www.idealdent.net\/bredent-medical\/?page_id=504"},"modified":"2025-04-21T01:58:08","modified_gmt":"2025-04-20T22:58:08","slug":"retention-sil-protez-sabitleme","status":"publish","type":"page","link":"https:\/\/www.idealdent.net\/bredent-medical\/retention-sil-protez-sabitleme\/","title":{"rendered":"retention.sil &#8211; Protez Sabitleme"},"content":{"rendered":"\t\t<div data-elementor-type=\"wp-page\" data-elementor-id=\"504\" class=\"elementor elementor-504\" data-elementor-post-type=\"page\">\n\t\t\t\t<div class=\"elementor-element elementor-element-7cc6e8e e-con-full e-flex e-con e-parent\" data-id=\"7cc6e8e\" data-element_type=\"container\" data-settings=\"{&quot;background_background&quot;:&quot;classic&quot;}\">\n\t\t<div class=\"elementor-element elementor-element-6795dab e-con-full e-flex e-con e-child\" data-id=\"6795dab\" data-element_type=\"container\">\n\t\t\t\t<div class=\"elementor-element elementor-element-8ca2dd4 elementor-widget elementor-widget-image\" data-id=\"8ca2dd4\" data-element_type=\"widget\" data-widget_type=\"image.default\">\n\t\t\t\t<div class=\"elementor-widget-container\">\n\t\t\t\t\t\t\t\t\t\t\t\t\t\t\t<img fetchpriority=\"high\" decoding=\"async\" width=\"660\" height=\"361\" src=\"https:\/\/www.idealdent.net\/bredent-medical\/wp-content\/uploads\/2025\/04\/SKYonics_logo.png\" class=\"attachment-large size-large wp-image-352\" alt=\"\" srcset=\"https:\/\/www.idealdent.net\/bredent-medical\/wp-content\/uploads\/2025\/04\/SKYonics_logo.png 660w, https:\/\/www.idealdent.net\/bredent-medical\/wp-content\/uploads\/2025\/04\/SKYonics_logo-300x164.png 300w, https:\/\/www.idealdent.net\/bredent-medical\/wp-content\/uploads\/2025\/04\/SKYonics_logo-137x75.png 137w, https:\/\/www.idealdent.net\/bredent-medical\/wp-content\/uploads\/2025\/04\/SKYonics_logo-480x263.png 480w\" sizes=\"(max-width:767px) 480px, 660px\" \/>\t\t\t\t\t\t\t\t\t\t\t\t\t\t\t<\/div>\n\t\t\t\t<\/div>\n\t\t\t\t<div class=\"elementor-element elementor-element-3590568 elementor-widget elementor-widget-heading\" data-id=\"3590568\" data-element_type=\"widget\" data-widget_type=\"heading.default\">\n\t\t\t\t<div class=\"elementor-widget-container\">\n\t\t\t\t\t<h2 class=\"elementor-heading-title elementor-size-default\">protez sabitleme<\/h2>\t\t\t\t<\/div>\n\t\t\t\t<\/div>\n\t\t\t\t<\/div>\n\t\t<div class=\"elementor-element elementor-element-5beff7d e-con-full e-flex e-con e-child\" data-id=\"5beff7d\" data-element_type=\"container\">\n\t\t\t\t<div class=\"elementor-element elementor-element-6a04903 elementor-widget elementor-widget-image\" data-id=\"6a04903\" data-element_type=\"widget\" data-widget_type=\"image.default\">\n\t\t\t\t<div class=\"elementor-widget-container\">\n\t\t\t\t\t\t\t\t\t\t\t\t\t\t\t<img decoding=\"async\" width=\"1024\" height=\"727\" src=\"https:\/\/www.idealdent.net\/bredent-medical\/wp-content\/uploads\/2025\/04\/skyonics-prosthesis-retention_sil-1024x727.jpg\" class=\"attachment-large size-large wp-image-506\" alt=\"\" srcset=\"https:\/\/www.idealdent.net\/bredent-medical\/wp-content\/uploads\/2025\/04\/skyonics-prosthesis-retention_sil-1024x727.jpg 1024w, https:\/\/www.idealdent.net\/bredent-medical\/wp-content\/uploads\/2025\/04\/skyonics-prosthesis-retention_sil-300x213.jpg 300w, https:\/\/www.idealdent.net\/bredent-medical\/wp-content\/uploads\/2025\/04\/skyonics-prosthesis-retention_sil-768x545.jpg 768w, https:\/\/www.idealdent.net\/bredent-medical\/wp-content\/uploads\/2025\/04\/skyonics-prosthesis-retention_sil-106x75.jpg 106w, https:\/\/www.idealdent.net\/bredent-medical\/wp-content\/uploads\/2025\/04\/skyonics-prosthesis-retention_sil-480x341.jpg 480w, https:\/\/www.idealdent.net\/bredent-medical\/wp-content\/uploads\/2025\/04\/skyonics-prosthesis-retention_sil.jpg 1400w\" sizes=\"(max-width:767px) 480px, (max-width:1024px) 100vw, 1024px\" \/>\t\t\t\t\t\t\t\t\t\t\t\t\t\t\t<\/div>\n\t\t\t\t<\/div>\n\t\t\t\t<\/div>\n\t\t\t\t<\/div>\n\t\t<div class=\"elementor-element elementor-element-ce56a31 e-flex e-con-boxed e-con e-parent\" data-id=\"ce56a31\" data-element_type=\"container\">\n\t\t\t\t\t<div class=\"e-con-inner\">\n\t\t<div class=\"elementor-element elementor-element-ffaa265 e-con-full e-flex e-con e-child\" data-id=\"ffaa265\" data-element_type=\"container\">\n\t\t\t\t<div class=\"elementor-element elementor-element-b6910d6 elementor-widget elementor-widget-image\" data-id=\"b6910d6\" data-element_type=\"widget\" data-widget_type=\"image.default\">\n\t\t\t\t<div class=\"elementor-widget-container\">\n\t\t\t\t\t\t\t\t\t\t\t\t\t\t\t<img decoding=\"async\" width=\"1024\" height=\"128\" src=\"https:\/\/www.idealdent.net\/bredent-medical\/wp-content\/uploads\/2025\/04\/mini2SKY_retention.loc_-1-1024x128.png\" class=\"attachment-large size-large wp-image-510\" alt=\"\" srcset=\"https:\/\/www.idealdent.net\/bredent-medical\/wp-content\/uploads\/2025\/04\/mini2SKY_retention.loc_-1-1024x128.png 1024w, https:\/\/www.idealdent.net\/bredent-medical\/wp-content\/uploads\/2025\/04\/mini2SKY_retention.loc_-1-300x38.png 300w, https:\/\/www.idealdent.net\/bredent-medical\/wp-content\/uploads\/2025\/04\/mini2SKY_retention.loc_-1-768x96.png 768w, https:\/\/www.idealdent.net\/bredent-medical\/wp-content\/uploads\/2025\/04\/mini2SKY_retention.loc_-1-150x19.png 150w, https:\/\/www.idealdent.net\/bredent-medical\/wp-content\/uploads\/2025\/04\/mini2SKY_retention.loc_-1-480x60.png 480w, https:\/\/www.idealdent.net\/bredent-medical\/wp-content\/uploads\/2025\/04\/mini2SKY_retention.loc_-1.png 1200w\" sizes=\"(max-width:767px) 480px, (max-width:1024px) 100vw, 1024px\" \/>\t\t\t\t\t\t\t\t\t\t\t\t\t\t\t<\/div>\n\t\t\t\t<\/div>\n\t\t\t\t<div class=\"elementor-element elementor-element-705be94 elementor-widget elementor-widget-heading\" data-id=\"705be94\" data-element_type=\"widget\" data-widget_type=\"heading.default\">\n\t\t\t\t<div class=\"elementor-widget-container\">\n\t\t\t\t\t<h2 class=\"elementor-heading-title elementor-size-default\">Di\u015f Hekimli\u011fi D\u00fcnyas\u0131\u2019nda Tek.<br>\n\u0130yile\u015fme a\u015famas\u0131nda, retention.sil protez silikonu ile immediyat protez sabitleme\n\n<\/h2>\t\t\t\t<\/div>\n\t\t\t\t<\/div>\n\t\t\t\t<\/div>\n\t\t<div class=\"elementor-element elementor-element-1616bc4 e-con-full e-flex e-con e-child\" data-id=\"1616bc4\" data-element_type=\"container\">\n\t\t\t\t<div class=\"elementor-element elementor-element-89695b8 elementor-widget elementor-widget-video\" data-id=\"89695b8\" data-element_type=\"widget\" data-settings=\"{&quot;video_type&quot;:&quot;hosted&quot;,&quot;controls&quot;:&quot;yes&quot;}\" data-widget_type=\"video.default\">\n\t\t\t\t<div class=\"elementor-widget-container\">\n\t\t\t\t\t\t\t<div class=\"e-hosted-video elementor-wrapper elementor-open-inline\">\n\t\t\t\t\t<video class=\"elementor-video\" src=\"https:\/\/www.idealdent.net\/bredent-medical\/wp-content\/uploads\/2025\/04\/TiSi.snap_retention.sil_.mp4\" controls=\"\" preload=\"metadata\" controlsList=\"nodownload\"><\/video>\n\t\t\t\t<\/div>\n\t\t\t\t\t\t<\/div>\n\t\t\t\t<\/div>\n\t\t\t\t<\/div>\n\t\t\t\t\t<\/div>\n\t\t\t\t<\/div>\n\t\t<div class=\"elementor-element elementor-element-8bc4c6a e-flex e-con-boxed e-con e-parent\" data-id=\"8bc4c6a\" data-element_type=\"container\" data-settings=\"{&quot;background_background&quot;:&quot;classic&quot;}\">\n\t\t\t\t\t<div class=\"e-con-inner\">\n\t\t<div class=\"elementor-element elementor-element-d5d2f74 e-con-full e-flex e-con e-child\" data-id=\"d5d2f74\" data-element_type=\"container\">\n\t\t\t\t<div class=\"elementor-element elementor-element-f8b7372 elementor-widget elementor-widget-video\" data-id=\"f8b7372\" data-element_type=\"widget\" data-settings=\"{&quot;video_type&quot;:&quot;hosted&quot;,&quot;controls&quot;:&quot;yes&quot;}\" data-widget_type=\"video.default\">\n\t\t\t\t<div class=\"elementor-widget-container\">\n\t\t\t\t\t\t\t<div class=\"e-hosted-video elementor-wrapper elementor-open-inline\">\n\t\t\t\t\t<video class=\"elementor-video\" src=\"https:\/\/www.idealdent.net\/bredent-medical\/wp-content\/uploads\/2025\/04\/TiSi.snap_retention.sil_.mp4\" controls=\"\" preload=\"metadata\" controlsList=\"nodownload\"><\/video>\n\t\t\t\t<\/div>\n\t\t\t\t\t\t<\/div>\n\t\t\t\t<\/div>\n\t\t\t\t<\/div>\n\t\t<div class=\"elementor-element elementor-element-2bacf8e e-con-full e-flex e-con e-child\" data-id=\"2bacf8e\" data-element_type=\"container\">\n\t\t\t\t<div class=\"elementor-element elementor-element-8efd129 elementor-widget elementor-widget-heading\" data-id=\"8efd129\" data-element_type=\"widget\" data-widget_type=\"heading.default\">\n\t\t\t\t<div class=\"elementor-widget-container\">\n\t\t\t\t\t<h2 class=\"elementor-heading-title elementor-size-default\">retention.sil esnekli\u011fi yumu\u015fak dokunun esnekli\u011fini takip eder ve abutmentlar\u0131 a\u015f\u0131r\u0131 y\u00fcklenmeden korur; hastaya do\u011fal bir \u00e7i\u011fneme hissi verir.\n<\/h2>\t\t\t\t<\/div>\n\t\t\t\t<\/div>\n\t\t\t\t<\/div>\n\t\t\t\t\t<\/div>\n\t\t\t\t<\/div>\n\t\t<div class=\"elementor-element elementor-element-999f83a e-flex e-con-boxed e-con e-parent\" data-id=\"999f83a\" data-element_type=\"container\" data-settings=\"{&quot;background_background&quot;:&quot;classic&quot;}\">\n\t\t\t\t\t<div class=\"e-con-inner\">\n\t\t<div class=\"elementor-element elementor-element-c186485 e-con-full e-flex e-con e-child\" data-id=\"c186485\" data-element_type=\"container\">\n\t\t<div class=\"elementor-element elementor-element-4e35aa2 e-con-full e-flex e-con e-child\" data-id=\"4e35aa2\" data-element_type=\"container\">\n\t\t\t\t<div class=\"elementor-element elementor-element-581c984 elementor-widget elementor-widget-heading\" data-id=\"581c984\" data-element_type=\"widget\" data-widget_type=\"heading.default\">\n\t\t\t\t<div class=\"elementor-widget-container\">\n\t\t\t\t\t<h2 class=\"elementor-heading-title elementor-size-default\"><b>mini2SKY TiSi.snap & retention.sil ile bir \u00f6rnek<\/b><br>\nEkonomik Avantajlar\u0131\n\n<\/h2>\t\t\t\t<\/div>\n\t\t\t\t<\/div>\n\t\t\t\t<div class=\"elementor-element elementor-element-dc9a18d elementor-widget elementor-widget-heading\" data-id=\"dc9a18d\" data-element_type=\"widget\" data-widget_type=\"heading.default\">\n\t\t\t\t<div class=\"elementor-widget-container\">\n\t\t\t\t\t<h2 class=\"elementor-heading-title elementor-size-default\">\u2022 retention.sil protez silikonu ile protezin tutunmas\u0131 garanti edilir.<\/br>\n\u2022 S\u00fcrt\u00fcnme, 3 sertlik derecesinde, ayr\u0131 ayr\u0131 se\u00e7ilebilir.<\/br>\n\u2022 Y\u00fcksek kullan\u0131m konforu ile esnek restorasyon<\/br>\n\u2022 Hastalar i\u00e7in d\u00fc\u015f\u00fck maliyetler<\/br>\n\u2022 Mevcut protez yeniden kullan\u0131labilir<\/br>\n\u2022 TiSi.snap abutmentlar Locator\u00ae matrisleri ile uyumludur<\/h2>\t\t\t\t<\/div>\n\t\t\t\t<\/div>\n\t\t\t\t<\/div>\n\t\t<div class=\"elementor-element elementor-element-3f7526f e-con-full e-flex e-con e-child\" data-id=\"3f7526f\" data-element_type=\"container\">\n\t\t\t\t<div class=\"elementor-element elementor-element-b7167e9 elementor-widget elementor-widget-image\" data-id=\"b7167e9\" data-element_type=\"widget\" data-widget_type=\"image.default\">\n\t\t\t\t<div class=\"elementor-widget-container\">\n\t\t\t\t\t\t\t\t\t\t\t\t\t\t\t<img loading=\"lazy\" decoding=\"async\" width=\"1024\" height=\"1024\" src=\"https:\/\/www.idealdent.net\/bredent-medical\/wp-content\/uploads\/2025\/04\/mini2SKY-TiSi_retention.sil_-1024x1024.png\" class=\"attachment-large size-large wp-image-512\" alt=\"\" srcset=\"https:\/\/www.idealdent.net\/bredent-medical\/wp-content\/uploads\/2025\/04\/mini2SKY-TiSi_retention.sil_-1024x1024.png 1024w, https:\/\/www.idealdent.net\/bredent-medical\/wp-content\/uploads\/2025\/04\/mini2SKY-TiSi_retention.sil_-300x300.png 300w, https:\/\/www.idealdent.net\/bredent-medical\/wp-content\/uploads\/2025\/04\/mini2SKY-TiSi_retention.sil_-150x150.png 150w, https:\/\/www.idealdent.net\/bredent-medical\/wp-content\/uploads\/2025\/04\/mini2SKY-TiSi_retention.sil_-768x768.png 768w, https:\/\/www.idealdent.net\/bredent-medical\/wp-content\/uploads\/2025\/04\/mini2SKY-TiSi_retention.sil_-75x75.png 75w, https:\/\/www.idealdent.net\/bredent-medical\/wp-content\/uploads\/2025\/04\/mini2SKY-TiSi_retention.sil_-480x480.png 480w, https:\/\/www.idealdent.net\/bredent-medical\/wp-content\/uploads\/2025\/04\/mini2SKY-TiSi_retention.sil_.png 1200w\" sizes=\"(max-width:767px) 480px, (max-width:1024px) 100vw, 1024px\" \/>\t\t\t\t\t\t\t\t\t\t\t\t\t\t\t<\/div>\n\t\t\t\t<\/div>\n\t\t\t\t<\/div>\n\t\t\t\t<\/div>\n\t\t\t\t\t<\/div>\n\t\t\t\t<\/div>\n\t\t<div class=\"elementor-element elementor-element-d0b86e1 e-flex e-con-boxed e-con e-parent\" data-id=\"d0b86e1\" data-element_type=\"container\">\n\t\t\t\t\t<div class=\"e-con-inner\">\n\t\t<div class=\"elementor-element elementor-element-3f53edf e-con-full e-flex e-con e-child\" data-id=\"3f53edf\" data-element_type=\"container\">\n\t\t\t\t<div class=\"elementor-element elementor-element-ab4d3c0 elementor-widget elementor-widget-heading\" data-id=\"ab4d3c0\" data-element_type=\"widget\" data-widget_type=\"heading.default\">\n\t\t\t\t<div class=\"elementor-widget-container\">\n\t\t\t\t\t<h2 class=\"elementor-heading-title elementor-size-default\">A\u015fa\u011f\u0131daki implantlar i\u00e7in uygundur:\n\n<\/h2>\t\t\t\t<\/div>\n\t\t\t\t<\/div>\n\t\t\t\t<\/div>\n\t\t\t\t\t<\/div>\n\t\t\t\t<\/div>\n\t\t<div class=\"elementor-element elementor-element-448d145 e-flex e-con-boxed e-con e-parent\" data-id=\"448d145\" data-element_type=\"container\">\n\t\t\t\t\t<div class=\"e-con-inner\">\n\t\t<div class=\"elementor-element elementor-element-a4d4139 e-con-full e-flex e-con e-child\" data-id=\"a4d4139\" data-element_type=\"container\">\n\t\t\t\t<div class=\"elementor-element elementor-element-6bad800 elementor-widget elementor-widget-image\" data-id=\"6bad800\" data-element_type=\"widget\" data-widget_type=\"image.default\">\n\t\t\t\t<div class=\"elementor-widget-container\">\n\t\t\t\t\t\t\t\t\t\t\t\t\t\t\t<img loading=\"lazy\" decoding=\"async\" width=\"233\" height=\"500\" src=\"https:\/\/www.idealdent.net\/bredent-medical\/wp-content\/uploads\/2025\/04\/copaSKY-implant-1.png\" class=\"attachment-large size-large wp-image-513\" alt=\"\" srcset=\"https:\/\/www.idealdent.net\/bredent-medical\/wp-content\/uploads\/2025\/04\/copaSKY-implant-1.png 233w, https:\/\/www.idealdent.net\/bredent-medical\/wp-content\/uploads\/2025\/04\/copaSKY-implant-1-140x300.png 140w, https:\/\/www.idealdent.net\/bredent-medical\/wp-content\/uploads\/2025\/04\/copaSKY-implant-1-35x75.png 35w\" sizes=\"(max-width:767px) 233px, 233px\" \/>\t\t\t\t\t\t\t\t\t\t\t\t\t\t\t<\/div>\n\t\t\t\t<\/div>\n\t\t\t\t<div class=\"elementor-element elementor-element-d9ade8f elementor-align-center elementor-widget elementor-widget-button\" data-id=\"d9ade8f\" data-element_type=\"widget\" data-widget_type=\"button.default\">\n\t\t\t\t<div class=\"elementor-widget-container\">\n\t\t\t\t\t\t\t\t\t<div class=\"elementor-button-wrapper\">\n\t\t\t\t\t<a class=\"elementor-button elementor-button-link elementor-size-sm\" href=\"https:\/\/www.idealdent.net\/bredent-medical\/copasky-ultra-kisa-implant\/\">\n\t\t\t\t\t\t<span class=\"elementor-button-content-wrapper\">\n\t\t\t\t\t\t\t\t\t<span class=\"elementor-button-text\">Daha fazla bilgi<\/span>\n\t\t\t\t\t<\/span>\n\t\t\t\t\t<\/a>\n\t\t\t\t<\/div>\n\t\t\t\t\t\t\t\t<\/div>\n\t\t\t\t<\/div>\n\t\t\t\t<\/div>\n\t\t<div class=\"elementor-element elementor-element-d14031b e-con-full e-flex e-con e-child\" data-id=\"d14031b\" data-element_type=\"container\">\n\t\t\t\t<div class=\"elementor-element elementor-element-5d11dfa elementor-widget elementor-widget-image\" data-id=\"5d11dfa\" data-element_type=\"widget\" data-widget_type=\"image.default\">\n\t\t\t\t<div class=\"elementor-widget-container\">\n\t\t\t\t\t\t\t\t\t\t\t\t\t\t\t<img loading=\"lazy\" decoding=\"async\" width=\"233\" height=\"500\" src=\"https:\/\/www.idealdent.net\/bredent-medical\/wp-content\/uploads\/2025\/04\/mini2SKY-web.png\" class=\"attachment-large size-large wp-image-514\" alt=\"\" srcset=\"https:\/\/www.idealdent.net\/bredent-medical\/wp-content\/uploads\/2025\/04\/mini2SKY-web.png 233w, https:\/\/www.idealdent.net\/bredent-medical\/wp-content\/uploads\/2025\/04\/mini2SKY-web-140x300.png 140w, https:\/\/www.idealdent.net\/bredent-medical\/wp-content\/uploads\/2025\/04\/mini2SKY-web-35x75.png 35w\" sizes=\"(max-width:767px) 233px, 233px\" \/>\t\t\t\t\t\t\t\t\t\t\t\t\t\t\t<\/div>\n\t\t\t\t<\/div>\n\t\t\t\t<div class=\"elementor-element elementor-element-630b526 elementor-align-center elementor-widget elementor-widget-button\" data-id=\"630b526\" data-element_type=\"widget\" data-widget_type=\"button.default\">\n\t\t\t\t<div class=\"elementor-widget-container\">\n\t\t\t\t\t\t\t\t\t<div class=\"elementor-button-wrapper\">\n\t\t\t\t\t<a class=\"elementor-button elementor-button-link elementor-size-sm\" href=\"#\">\n\t\t\t\t\t\t<span class=\"elementor-button-content-wrapper\">\n\t\t\t\t\t\t\t\t\t<span class=\"elementor-button-text\">Daha fazla bilgi<\/span>\n\t\t\t\t\t<\/span>\n\t\t\t\t\t<\/a>\n\t\t\t\t<\/div>\n\t\t\t\t\t\t\t\t<\/div>\n\t\t\t\t<\/div>\n\t\t\t\t<\/div>\n\t\t<div class=\"elementor-element elementor-element-7745b6c e-con-full e-flex e-con e-child\" data-id=\"7745b6c\" data-element_type=\"container\">\n\t\t\t\t<div class=\"elementor-element elementor-element-554d0a9 elementor-widget elementor-widget-image\" data-id=\"554d0a9\" data-element_type=\"widget\" data-widget_type=\"image.default\">\n\t\t\t\t<div class=\"elementor-widget-container\">\n\t\t\t\t\t\t\t\t\t\t\t\t\t\t\t<img loading=\"lazy\" decoding=\"async\" width=\"233\" height=\"500\" src=\"https:\/\/www.idealdent.net\/bredent-medical\/wp-content\/uploads\/2025\/04\/narrowSKY-web-1.png\" class=\"attachment-large size-large wp-image-515\" alt=\"\" srcset=\"https:\/\/www.idealdent.net\/bredent-medical\/wp-content\/uploads\/2025\/04\/narrowSKY-web-1.png 233w, https:\/\/www.idealdent.net\/bredent-medical\/wp-content\/uploads\/2025\/04\/narrowSKY-web-1-140x300.png 140w, https:\/\/www.idealdent.net\/bredent-medical\/wp-content\/uploads\/2025\/04\/narrowSKY-web-1-35x75.png 35w\" sizes=\"(max-width:767px) 233px, 233px\" \/>\t\t\t\t\t\t\t\t\t\t\t\t\t\t\t<\/div>\n\t\t\t\t<\/div>\n\t\t\t\t<div class=\"elementor-element elementor-element-36e6022 elementor-align-center elementor-widget elementor-widget-button\" data-id=\"36e6022\" data-element_type=\"widget\" data-widget_type=\"button.default\">\n\t\t\t\t<div class=\"elementor-widget-container\">\n\t\t\t\t\t\t\t\t\t<div class=\"elementor-button-wrapper\">\n\t\t\t\t\t<a class=\"elementor-button elementor-button-link elementor-size-sm\" href=\"https:\/\/www.idealdent.net\/bredent-medical\/narrowsky-kemik-seviyesi-dar-olan-platformlarda\/\">\n\t\t\t\t\t\t<span class=\"elementor-button-content-wrapper\">\n\t\t\t\t\t\t\t\t\t<span class=\"elementor-button-text\">Daha fazla bilgi<\/span>\n\t\t\t\t\t<\/span>\n\t\t\t\t\t<\/a>\n\t\t\t\t<\/div>\n\t\t\t\t\t\t\t\t<\/div>\n\t\t\t\t<\/div>\n\t\t\t\t<\/div>\n\t\t<div class=\"elementor-element elementor-element-6e6388e e-con-full e-flex e-con e-child\" data-id=\"6e6388e\" data-element_type=\"container\">\n\t\t\t\t<div class=\"elementor-element elementor-element-e0dc95e elementor-widget elementor-widget-image\" data-id=\"e0dc95e\" data-element_type=\"widget\" data-widget_type=\"image.default\">\n\t\t\t\t<div class=\"elementor-widget-container\">\n\t\t\t\t\t\t\t\t\t\t\t\t\t\t\t<img loading=\"lazy\" decoding=\"async\" width=\"233\" height=\"500\" src=\"https:\/\/www.idealdent.net\/bredent-medical\/wp-content\/uploads\/2025\/04\/blueSKY-web-1.png\" class=\"attachment-large size-large wp-image-516\" alt=\"\" srcset=\"https:\/\/www.idealdent.net\/bredent-medical\/wp-content\/uploads\/2025\/04\/blueSKY-web-1.png 233w, https:\/\/www.idealdent.net\/bredent-medical\/wp-content\/uploads\/2025\/04\/blueSKY-web-1-140x300.png 140w, https:\/\/www.idealdent.net\/bredent-medical\/wp-content\/uploads\/2025\/04\/blueSKY-web-1-35x75.png 35w\" sizes=\"(max-width:767px) 233px, 233px\" \/>\t\t\t\t\t\t\t\t\t\t\t\t\t\t\t<\/div>\n\t\t\t\t<\/div>\n\t\t\t\t<div class=\"elementor-element elementor-element-781611e elementor-align-center elementor-widget elementor-widget-button\" data-id=\"781611e\" data-element_type=\"widget\" data-widget_type=\"button.default\">\n\t\t\t\t<div class=\"elementor-widget-container\">\n\t\t\t\t\t\t\t\t\t<div class=\"elementor-button-wrapper\">\n\t\t\t\t\t<a class=\"elementor-button elementor-button-link elementor-size-sm\" href=\"https:\/\/www.idealdent.net\/bredent-medical\/bluesky-kemik-seviyesinde-implant\/\">\n\t\t\t\t\t\t<span class=\"elementor-button-content-wrapper\">\n\t\t\t\t\t\t\t\t\t<span class=\"elementor-button-text\">Daha fazla bilgi<\/span>\n\t\t\t\t\t<\/span>\n\t\t\t\t\t<\/a>\n\t\t\t\t<\/div>\n\t\t\t\t\t\t\t\t<\/div>\n\t\t\t\t<\/div>\n\t\t\t\t<\/div>\n\t\t<div class=\"elementor-element elementor-element-4238ec4 e-con-full e-flex e-con e-child\" data-id=\"4238ec4\" data-element_type=\"container\">\n\t\t\t\t<div class=\"elementor-element elementor-element-f4cd6f7 elementor-widget elementor-widget-image\" data-id=\"f4cd6f7\" data-element_type=\"widget\" data-widget_type=\"image.default\">\n\t\t\t\t<div class=\"elementor-widget-container\">\n\t\t\t\t\t\t\t\t\t\t\t\t\t\t\t<img loading=\"lazy\" decoding=\"async\" width=\"233\" height=\"500\" src=\"https:\/\/www.idealdent.net\/bredent-medical\/wp-content\/uploads\/2025\/04\/classicSKY-web-1.png\" class=\"attachment-large size-large wp-image-517\" alt=\"\" srcset=\"https:\/\/www.idealdent.net\/bredent-medical\/wp-content\/uploads\/2025\/04\/classicSKY-web-1.png 233w, https:\/\/www.idealdent.net\/bredent-medical\/wp-content\/uploads\/2025\/04\/classicSKY-web-1-140x300.png 140w, https:\/\/www.idealdent.net\/bredent-medical\/wp-content\/uploads\/2025\/04\/classicSKY-web-1-35x75.png 35w\" sizes=\"(max-width:767px) 233px, 233px\" \/>\t\t\t\t\t\t\t\t\t\t\t\t\t\t\t<\/div>\n\t\t\t\t<\/div>\n\t\t\t\t<div class=\"elementor-element elementor-element-50858fc elementor-align-center elementor-widget elementor-widget-button\" data-id=\"50858fc\" data-element_type=\"widget\" data-widget_type=\"button.default\">\n\t\t\t\t<div class=\"elementor-widget-container\">\n\t\t\t\t\t\t\t\t\t<div class=\"elementor-button-wrapper\">\n\t\t\t\t\t<a class=\"elementor-button elementor-button-link elementor-size-sm\" href=\"https:\/\/www.idealdent.net\/bredent-medical\/classicsky-yumusak-doku-seviyesinde-implant\/\">\n\t\t\t\t\t\t<span class=\"elementor-button-content-wrapper\">\n\t\t\t\t\t\t\t\t\t<span class=\"elementor-button-text\">Daha fazla bilgi<\/span>\n\t\t\t\t\t<\/span>\n\t\t\t\t\t<\/a>\n\t\t\t\t<\/div>\n\t\t\t\t\t\t\t\t<\/div>\n\t\t\t\t<\/div>\n\t\t\t\t<\/div>\n\t\t\t\t\t<\/div>\n\t\t\t\t<\/div>\n\t\t\t\t<\/div>\n\t\t","protected":false},"excerpt":{"rendered":"<p>protez sabitleme Di\u015f Hekimli\u011fi D\u00fcnyas\u0131\u2019nda Tek. \u0130yile\u015fme a\u015famas\u0131nda, retention.sil protez silikonu ile immediyat protez sabitleme https:\/\/www.idealdent.net\/bredent-medical\/wp-content\/uploads\/2025\/04\/TiSi.snap_retention.sil_.mp4https:\/\/www.idealdent.net\/bredent-medical\/wp-content\/uploads\/2025\/04\/TiSi.snap_retention.sil_.mp4 retention.sil esnekli\u011fi yumu\u015fak dokunun esnekli\u011fini takip eder ve abutmentlar\u0131 a\u015f\u0131r\u0131<span class=\"excerpt-hellip\"> [\u2026]<\/span><\/p>\n","protected":false},"author":2,"featured_media":0,"parent":0,"menu_order":0,"comment_status":"closed","ping_status":"closed","template":"elementor_header_footer","meta":{"inline_featured_image":false,"footnotes":""},"class_list":["post-504","page","type-page","status-publish","hentry"],"_links":{"self":[{"href":"https:\/\/www.idealdent.net\/bredent-medical\/wp-json\/wp\/v2\/pages\/504","targetHints":{"allow":["GET"]}}],"collection":[{"href":"https:\/\/www.idealdent.net\/bredent-medical\/wp-json\/wp\/v2\/pages"}],"about":[{"href":"https:\/\/www.idealdent.net\/bredent-medical\/wp-json\/wp\/v2\/types\/page"}],"author":[{"embeddable":true,"href":"https:\/\/www.idealdent.net\/bredent-medical\/wp-json\/wp\/v2\/users\/2"}],"replies":[{"embeddable":true,"href":"https:\/\/www.idealdent.net\/bredent-medical\/wp-json\/wp\/v2\/comments?post=504"}],"version-history":[{"count":10,"href":"https:\/\/www.idealdent.net\/bredent-medical\/wp-json\/wp\/v2\/pages\/504\/revisions"}],"predecessor-version":[{"id":849,"href":"https:\/\/www.idealdent.net\/bredent-medical\/wp-json\/wp\/v2\/pages\/504\/revisions\/849"}],"wp:attachment":[{"href":"https:\/\/www.idealdent.net\/bredent-medical\/wp-json\/wp\/v2\/media?parent=504"}],"curies":[{"name":"wp","href":"https:\/\/api.w.org\/{rel}","templated":true}]}}